{"id":1877,"date":"2019-10-13T11:13:45","date_gmt":"2019-10-13T11:13:45","guid":{"rendered":"https:\/\/kriaute.lt\/es-projektai\/"},"modified":"2025-03-17T07:31:28","modified_gmt":"2025-03-17T07:31:28","slug":"eu-prosjekter","status":"publish","type":"page","link":"https:\/\/kriaute.lt\/no\/eu-prosjekter\/","title":{"rendered":"EU-prosjekter"},"content":{"rendered":"<p>[vc_row css_animation=&raquo;&raquo; row_type=&raquo;row&raquo; use_row_as_full_screen_section=&raquo;no&raquo; type=&raquo;full_width&raquo; angled_section=&raquo;no&raquo; text_align=&raquo;left&raquo; background_image_as_pattern=&raquo;without_pattern&raquo; css=&raquo;.vc_custom_1580245992053{padding-top: 50px !important;padding-right: 25px !important;padding-bottom: 50px !important;padding-left: 25px !important;background-color: #ffffff !important;}&raquo; z_index=&raquo;&raquo; el_class=&raquo;.box-shadow&raquo;][vc_column][vc_column_text]Muligheten for \u00e5 motta st\u00f8tte fra fellesprosjektet \u00abInvesteringsst\u00f8tte for solkraftverk p\u00e5 land\u00bb etter \u00e5 ha sendt inn en s\u00f8knad til det litauiske energibyr\u00e5et, oppfordret UAB \u00abKriaut\u0117\u00bb til \u00e5 planlegge installasjonen av et 99 kW solkraftverk.<\/p>\n<p>Prosjektet gjennomf\u00f8res i tr\u00e5d med den \u00f8konomiske utvinnings- og motstandsbyggingsplanen &#8216;New Generation Lithuania&#8217;, finansiert av EU-midlene fra &#8216;NextGenerationEU&#8217;. Til gjennomf\u00f8ringen av prosjektet er det bevilget \u20ac37 194.<\/p>\n<p>&nbsp;<\/p>\n<p><img decoding=\"async\" loading=\"lazy\" class=\"alignnone wp-image-2290\" src=\"https:\/\/kriaute.lt\/wp-content\/uploads\/2025\/03\/2-300x106.png\" alt=\"\" width=\"255\" height=\"90\" srcset=\"https:\/\/kriaute.lt\/wp-content\/uploads\/2025\/03\/2-300x106.png 300w, https:\/\/kriaute.lt\/wp-content\/uploads\/2025\/03\/2.png 337w\" sizes=\"(max-width: 255px) 100vw, 255px\" \/><img decoding=\"async\" loading=\"lazy\" class=\"alignnone wp-image-2293\" src=\"https:\/\/kriaute.lt\/wp-content\/uploads\/2025\/03\/3-300x100.png\" alt=\"\" width=\"270\" height=\"90\" srcset=\"https:\/\/kriaute.lt\/wp-content\/uploads\/2025\/03\/3-300x100.png 300w, https:\/\/kriaute.lt\/wp-content\/uploads\/2025\/03\/3.png 359w\" sizes=\"(max-width: 270px) 100vw, 270px\" \/><img decoding=\"async\" loading=\"lazy\" class=\"alignnone wp-image-2287\" src=\"https:\/\/kriaute.lt\/wp-content\/uploads\/2025\/03\/1-300x83.png\" alt=\"\" width=\"325\" height=\"90\" srcset=\"https:\/\/kriaute.lt\/wp-content\/uploads\/2025\/03\/1-300x83.png 300w, https:\/\/kriaute.lt\/wp-content\/uploads\/2025\/03\/1.png 397w\" sizes=\"(max-width: 325px) 100vw, 325px\" \/>[\/vc_column_text][\/vc_column][\/vc_row][vc_row css_animation=&raquo;&raquo; row_type=&raquo;row&raquo; use_row_as_full_screen_section=&raquo;no&raquo; type=&raquo;full_width&raquo; angled_section=&raquo;no&raquo; text_align=&raquo;left&raquo; background_image_as_pattern=&raquo;without_pattern&raquo;][vc_column][vc_empty_space height=&raquo;90px&raquo;][\/vc_column][\/vc_row][vc_row css_animation=&raquo;&raquo; row_type=&raquo;row&raquo; use_row_as_full_screen_section=&raquo;no&raquo; type=&raquo;full_width&raquo; angled_section=&raquo;no&raquo; text_align=&raquo;left&raquo; background_image_as_pattern=&raquo;without_pattern&raquo; css=&raquo;.vc_custom_1580245992053{padding-top: 50px !important;padding-right: 25px !important;padding-bottom: 50px !important;padding-left: 25px !important;background-color: #ffffff !important;}&raquo; z_index=&raquo;&raquo; el_class=&raquo;.box-shadow&raquo;][vc_column][vc_column_text]<img decoding=\"async\" loading=\"lazy\" class=\"size-medium wp-image-1427 alignright\" src=\"https:\/\/kriaute.lt\/wp-content\/uploads\/2020\/01\/zenklas_2015-04-13-300x190.jpg\" alt=\"\" width=\"300\" height=\"190\" srcset=\"https:\/\/kriaute.lt\/wp-content\/uploads\/2020\/01\/zenklas_2015-04-13-300x190.jpg 300w, https:\/\/kriaute.lt\/wp-content\/uploads\/2020\/01\/zenklas_2015-04-13.jpg 539w\" sizes=\"(max-width: 300px) 100vw, 300px\" \/><br \/>\nModernisering av UAB Kriaut\u0117-produksjon<br \/>\nESFIVP I 1<\/p>\n<p>M\u00e5let med prosjektet er \u00e5 forbedre og modernisere selskapets teknologier og prosesser, \u00f8ke niv\u00e5et av gjensidig synkronisering. Selskapet vil omorganisere arbeidet med produksjonslinjer ved \u00e5 introdusere nytt avansert utstyr, utvide produksjonskapasiteten, \u00f8ke produktiviteten og \u00e5 sikre et h\u00f8yt kvalitetsniv\u00e5 mens det im\u00f8tekommes ettersp\u00f8rselen etter produktene b\u00e5de i litauiske og utenlandske markeder.<\/p>\n<p>Prosjektet har mottatt finansiering p\u00e5 \u20ac 27762 fra Europeisk regionalt utviklingsfond.[\/vc_column_text][\/vc_column][\/vc_row][vc_row css_animation=&raquo;&raquo; row_type=&raquo;row&raquo; use_row_as_full_screen_section=&raquo;no&raquo; type=&raquo;full_width&raquo; angled_section=&raquo;no&raquo; text_align=&raquo;left&raquo; background_image_as_pattern=&raquo;without_pattern&raquo;][vc_column][vc_empty_space height=&raquo;90px&raquo;][\/vc_column][\/vc_row][vc_row css_animation=&raquo;&raquo; row_type=&raquo;row&raquo; use_row_as_full_screen_section=&raquo;no&raquo; type=&raquo;full_width&raquo; angled_section=&raquo;no&raquo; text_align=&raquo;left&raquo; background_image_as_pattern=&raquo;without_pattern&raquo; css=&raquo;.vc_custom_1580245986933{padding-top: 50px !important;padding-right: 25px !important;padding-bottom: 50px !important;padding-left: 25px !important;background-color: #ffffff !important;}&raquo; z_index=&raquo;&raquo; el_class=&raquo;.box-shadow&raquo;][vc_column][vc_column_text]<img decoding=\"async\" loading=\"lazy\" class=\"alignright wp-image-1429 size-thumbnail\" src=\"https:\/\/kriaute.lt\/wp-content\/uploads\/2020\/01\/europos-socialinio-fondo-agentura-150x150.jpg\" alt=\"\" width=\"150\" height=\"150\" srcset=\"https:\/\/kriaute.lt\/wp-content\/uploads\/2020\/01\/europos-socialinio-fondo-agentura-150x150.jpg 150w, https:\/\/kriaute.lt\/wp-content\/uploads\/2020\/01\/europos-socialinio-fondo-agentura-300x300.jpg 300w, https:\/\/kriaute.lt\/wp-content\/uploads\/2020\/01\/europos-socialinio-fondo-agentura.jpg 350w\" sizes=\"(max-width: 150px) 100vw, 150px\" \/><br \/>\nUAB Kriaut\u0117, som partner, implementerer prosjektet &laquo;L\u00e6rling og kvalifikasjonsutvikling p\u00e5 jobb arbeidsplassen &laquo;.<br \/>\nM\u00e5let med prosjektet er \u00e5 sikre forbedring av ansattes kvalifikasjonsniv\u00e5, deres profesjonelle mobilitet og evnen til \u00e5 orientere seg om i de raskt skiftende aktivitetene i produksjonssektoren og i forhold til kravene. Under prosjektet skal selskapets ansatte heve kvalifikasjonen i to oppl\u00e6ringsprogram &laquo;Ingeni\u00f8rkonstrukt\u00f8r (tekniske konstruksjoner av bygninger)&raquo; og &laquo;Produksjonsmestere i anvendelsen av digitalisering av produksjonsteknologi i produksjonen&raquo;.[\/vc_column_text][\/vc_column][\/vc_row][vc_row css_animation=&raquo;&raquo; row_type=&raquo;row&raquo; use_row_as_full_screen_section=&raquo;no&raquo; type=&raquo;full_width&raquo; angled_section=&raquo;no&raquo; text_align=&raquo;left&raquo; background_image_as_pattern=&raquo;without_pattern&raquo;][vc_column][vc_empty_space height=&raquo;90px&raquo;][\/vc_column][\/vc_row][vc_row css_animation=&raquo;&raquo; row_type=&raquo;row&raquo; use_row_as_full_screen_section=&raquo;no&raquo; type=&raquo;full_width&raquo; angled_section=&raquo;no&raquo; text_align=&raquo;left&raquo; background_image_as_pattern=&raquo;without_pattern&raquo; css=&raquo;.vc_custom_1580245922831{margin-bottom: 30px !important;padding-top: 50px !important;padding-right: 25px !important;padding-bottom: 50px !important;padding-left: 25px !important;background-color: #ffffff !important;}&raquo; z_index=&raquo;&raquo; el_class=&raquo;.box-shadow&raquo;][vc_column][vc_column_text]<img decoding=\"async\" loading=\"lazy\" class=\"alignright wp-image-1431 size-thumbnail\" src=\"https:\/\/kriaute.lt\/wp-content\/uploads\/2020\/01\/invega-150x150.jpg\" alt=\"\" width=\"150\" height=\"150\" \/><br \/>\n&laquo;UAB Kriaut\u0117&raquo; signerte en tilskuddsavtale med &laquo;UAB Investicij\u0173 ir verslo garantijos&raquo; under tiltaket &laquo;Kompetansekupong&raquo;. Under prosjektet vil det kompenseres for en del av selskapets treningskostnadene av ansatte. De ansatte vil forbedre sine engelskkunnskaper. Prosjektet er finansiert av EUs strukturfond.[\/vc_column_text][\/vc_column][\/vc_row][vc_row css_animation=&raquo;&raquo; row_type=&raquo;row&raquo; use_row_as_full_screen_section=&raquo;no&raquo; type=&raquo;full_width&raquo; angled_section=&raquo;no&raquo; text_align=&raquo;left&raquo; background_image_as_pattern=&raquo;without_pattern&raquo;][vc_column][vc_empty_space height=&raquo;90px&raquo;][\/vc_column][\/vc_row]<\/p>\n","protected":false},"excerpt":{"rendered":"<p>[vc_row css_animation=&raquo;&raquo; row_type=&raquo;row&raquo; use_row_as_full_screen_section=&raquo;no&raquo; type=&raquo;full_width&raquo; angled_section=&raquo;no&raquo; text_align=&raquo;left&raquo; background_image_as_pattern=&raquo;without_pattern&raquo; css=&raquo;.vc_custom_1580245992053{padding-top: 50px !important;padding-right: 25px !important;padding-bottom: 50px !important;padding-left: 25px !important;background-color: #ffffff !important;}&raquo; z_index=&raquo;&raquo; el_class=&raquo;.box-shadow&raquo;][vc_column][vc_column_text]Muligheten for \u00e5 motta st\u00f8tte fra fellesprosjektet \u00abInvesteringsst\u00f8tte for solkraftverk p\u00e5 land\u00bb etter \u00e5 ha sendt inn en s\u00f8knad til det litauiske energibyr\u00e5et, oppfordret UAB&#8230;<\/p>\n","protected":false},"author":1,"featured_media":0,"parent":0,"menu_order":0,"comment_status":"closed","ping_status":"closed","template":"","meta":{"footnotes":""},"_links":{"self":[{"href":"https:\/\/kriaute.lt\/no\/wp-json\/wp\/v2\/pages\/1877"}],"collection":[{"href":"https:\/\/kriaute.lt\/no\/wp-json\/wp\/v2\/pages"}],"about":[{"href":"https:\/\/kriaute.lt\/no\/wp-json\/wp\/v2\/types\/page"}],"author":[{"embeddable":true,"href":"https:\/\/kriaute.lt\/no\/wp-json\/wp\/v2\/users\/1"}],"replies":[{"embeddable":true,"href":"https:\/\/kriaute.lt\/no\/wp-json\/wp\/v2\/comments?post=1877"}],"version-history":[{"count":7,"href":"https:\/\/kriaute.lt\/no\/wp-json\/wp\/v2\/pages\/1877\/revisions"}],"predecessor-version":[{"id":2302,"href":"https:\/\/kriaute.lt\/no\/wp-json\/wp\/v2\/pages\/1877\/revisions\/2302"}],"wp:attachment":[{"href":"https:\/\/kriaute.lt\/no\/wp-json\/wp\/v2\/media?parent=1877"}],"curies":[{"name":"wp","href":"https:\/\/api.w.org\/{rel}","templated":true}]}}