{"id":1862,"date":"2019-10-13T09:40:58","date_gmt":"2019-10-13T09:40:58","guid":{"rendered":"https:\/\/kriaute.lt\/statybos-darbai\/"},"modified":"2021-08-07T20:34:01","modified_gmt":"2021-08-07T20:34:01","slug":"byggearbeid","status":"publish","type":"page","link":"https:\/\/kriaute.lt\/no\/byggearbeid\/","title":{"rendered":"Byggearbeid"},"content":{"rendered":"<p>[vc_row css_animation=&raquo;&raquo; row_type=&raquo;row&raquo; use_row_as_full_screen_section=&raquo;no&raquo; type=&raquo;full_width&raquo; angled_section=&raquo;no&raquo; text_align=&raquo;left&raquo; background_image_as_pattern=&raquo;without_pattern&raquo;][vc_column]<div class=\"qode-advanced-tabs qode-advanced-tabs qode-advanced-horizontal-tab clearfix qode-advanced-tab-without-icon qode-advanced-tabs-column-5 clearfix\">\n\t<ul class=\"qode-advanced-tabs-nav\">\n\t\t\t\t\t<li>\n\t\t\t\t<h6>\n\t\t\t\t\t<a href=\"#tab-byggearbeid\">\n\t\t\t\t\t\t\n\t\t\t\t\t\t\t\t\t\t\t\t\t<span class=\"qode-advanced-tab-text-after-icon\">\n\t\t\t\t\t\t\t\tByggearbeid\t\t\t\t\t\t\t<\/span>\n\t\t\t\t\t\t\t\t\t\t\t<\/a>\n\t\t\t\t<\/h6>\n\t\t\t<\/li>\n\t\t\t\t\t<li>\n\t\t\t\t<h6>\n\t\t\t\t\t<a href=\"#tab-bygninger-for-offentlig-bruk\">\n\t\t\t\t\t\t\n\t\t\t\t\t\t\t\t\t\t\t\t\t<span class=\"qode-advanced-tab-text-after-icon\">\n\t\t\t\t\t\t\t\tBygninger for offentlig bruk:\t\t\t\t\t\t\t<\/span>\n\t\t\t\t\t\t\t\t\t\t\t<\/a>\n\t\t\t\t<\/h6>\n\t\t\t<\/li>\n\t\t\t\t\t<li>\n\t\t\t\t<h6>\n\t\t\t\t\t<a href=\"#tab-bygninger-for-produksjon-og-lagring\">\n\t\t\t\t\t\t\n\t\t\t\t\t\t\t\t\t\t\t\t\t<span class=\"qode-advanced-tab-text-after-icon\">\n\t\t\t\t\t\t\t\tBygninger for produksjon og lagring:\t\t\t\t\t\t\t<\/span>\n\t\t\t\t\t\t\t\t\t\t\t<\/a>\n\t\t\t\t<\/h6>\n\t\t\t<\/li>\n\t\t\t\t\t<li>\n\t\t\t\t<h6>\n\t\t\t\t\t<a href=\"#tab-bygninger-for-kulturminne\">\n\t\t\t\t\t\t\n\t\t\t\t\t\t\t\t\t\t\t\t\t<span class=\"qode-advanced-tab-text-after-icon\">\n\t\t\t\t\t\t\t\tBygninger for kulturminne\t\t\t\t\t\t\t<\/span>\n\t\t\t\t\t\t\t\t\t\t\t<\/a>\n\t\t\t\t<\/h6>\n\t\t\t<\/li>\n\t\t\t\t\t<li>\n\t\t\t\t<h6>\n\t\t\t\t\t<a href=\"#tab-galleri-av-prosjekter\">\n\t\t\t\t\t\t\n\t\t\t\t\t\t\t\t\t\t\t\t\t<span class=\"qode-advanced-tab-text-after-icon\">\n\t\t\t\t\t\t\t\tGalleri av prosjekter\t\t\t\t\t\t\t<\/span>\n\t\t\t\t\t\t\t\t\t\t\t<\/a>\n\t\t\t\t<\/h6>\n\t\t\t<\/li>\n\t\t\t<\/ul>\n\t<div class=\"qode-advanced-tab-container\" id=\"tab-byggearbeid-550\" data-icon-pack=\"\" data-icon-html=\"\">[vc_column_text el_class=&raquo;box-shadow-text&raquo;]\u201eUAB Kriaut\u0117\u201c er en generell entrepren\u00f8r som leverer tjenester av konstruksjon, reparasjon, ombygging, renovering og vedlikehold (restaurering) i forskjellige byggeprosjekter.<\/p>\n<p>I mer enn 30 \u00e5r har selskapet v\u00e6rt en aktiv akt\u00f8r i byggemarkedet og tatt ansvar for kvaliteten p\u00e5 det utf\u00f8rte arbeidet. Selskapet bruker aktivt de mest avanserte konstruksjonsteknologiene og de nyeste materialene. Selskapet har h\u00f8yt kvalifiserte fagpersoner med mange \u00e5rs yrkeserfaring og ingeni\u00f8rpersonell. Rundt 80% av anleggsarbeidet p\u00e5 stedene utf\u00f8res av oss selv.<\/p>\n<p>Vi designer og bygger bolig-, industri-, kommersielle og administrative bygninger, forretningssentre. Vi utf\u00f8rer flertallet av alle byggeprosjekter internt, s\u00e5 v\u00e5re kunder trenger ikke \u00e5 bekymre seg for at det ansettes uegnede underleverand\u00f8rer eller partnere, eller at arbeidskvaliteten kommer til \u00e5 lide.<\/p>\n<p>\u201eUAB Kriaut\u0117\u201c har rett til \u00e5 utf\u00f8re vedlikeholdsarbeid for kulturminnevern og byggearbeid p\u00e5 kulturarvsteder og territorier.<\/p>\n<p>V\u00e5re byggverk inkluderer:<\/p>\n<ul>\n<li><span style=\"font-weight: 400;\">Konstruksjon av bygninger<\/span><\/li>\n<li><span style=\"font-weight: 400;\">Forberedelse og rydding av stedet<\/span><\/li>\n<li><span style=\"font-weight: 400;\">Utvendig og innvendig etterbehandling<\/span><\/li>\n<li><span style=\"font-weight: 400;\">Bygging og installasjon av tekniske nettverk: <\/span>\n<ul>\n<li><span style=\"font-weight: 400;\">Installasjon av varmesystem<\/span><\/li>\n<li><span style=\"font-weight: 400;\">Installasjon av ventilasjonsanlegg<\/span><\/li>\n<li><span style=\"font-weight: 400;\">Installasjon av vannforsyning og kloakkanlegg<\/span><\/li>\n<li><span style=\"font-weight: 400;\">Installasjon av telekommunikasjons- og alarmsystemer<\/span><\/li>\n<li><span style=\"font-weight: 400;\">Installasjon av elektrisk installasjon<\/span><\/li>\n<li><span style=\"font-weight: 400;\">Bygging av samferdsel<\/span><\/li>\n<li><span style=\"font-weight: 400;\">Konstruksjon av hydrauliske konstruksjoner<\/span><\/li>\n<\/ul>\n<\/li>\n<\/ul>\n<p>Vi har mange \u00e5rs erfaring med \u00e5 bygge prosjekter i alle st\u00f8rrelser og til ulike form\u00e5l. V\u00e5rt team av h\u00f8yt kvalifiserte ansatte tillater oss \u00e5 oppn\u00e5 det h\u00f8yeste kvalitetsresultatet i byggingen av konstruksjoner av varierende kompleksitet.<\/p>\n<p>Vi er et byggefirma med base i Panev\u0117\u017eys, men vi kan ogs\u00e5 utf\u00f8re byggearbeid i andre regioner. Vi jobber med b\u00e5de bedrifter og individuelle kunder.[\/vc_column_text]<\/div><div class=\"qode-advanced-tab-container\" id=\"tab-bygninger-for-offentlig-bruk-804\" data-icon-pack=\"\" data-icon-html=\"\">[vc_column_text el_class=&raquo;box-shadow-text&raquo;]<\/p>\n<ul>\n<li>Bygging av kj\u00f8pesenteret \u201eIKI\u201c, L\u0117vens g.10, Vaivadai, Panev\u0117\u017eio r.<\/li>\n<li>Rekonstruksjon av Radvili\u0161kis sykehus, Gedimino g.9, Radvili\u0161kis<\/li>\n<li>Rekonstruksjon av \u201eM.Karka grunnskole\u201c, Dariaus ir Gir\u0117no g.26, Panev\u0117\u017eys<\/li>\n<li>Rekonstruksjon av \u201eRukainiai gymnas\u201d, Vaik\u0173 g.5, Rukainiai, Vilniaus r.<\/li>\n<li>Bygging av forretningssenter, Vilniaus g.7, Panev\u0117\u017eys<\/li>\n<li>Modernisering av studentbolig for Vilnius Universitet, Saul\u0117tekio al.4, Vilnius<\/li>\n<li>Bygging av paviljong for internasjonale keramiske symposier, Respublikos g.3, Panev\u0117\u017eys<\/li>\n<li>Bygging av fabrikken \u201eSAKRET\u201c for produksjon av t\u00f8rr anleggsblanding, Biochemik\u0173 g. 2, K\u0117dainiai<\/li>\n<\/ul>\n<p>[\/vc_column_text]<\/div><div class=\"qode-advanced-tab-container\" id=\"tab-bygninger-for-produksjon-og-lagring-171\" data-icon-pack=\"\" data-icon-html=\"\">[vc_column_text el_class=&raquo;box-shadow-text&raquo;]<\/p>\n<ul>\n<li>Bygging av autosenteret \u201eKADEX\u201c, , \u0160ilagalio g.1, Pa\u017eagieniai, Panev\u0117\u017eio r.<\/li>\n<li>\u201eUAB Voestalpine VAE\u00a0Legetecha\u201d\u00a0, Draugyst\u0117s g.8, Val\u010di\u016bn\u0173 k. Vilniaus r.<\/li>\n<li>Bygging av logistikkbygg, Terminalo g.5, Kuprioni\u0161k\u0117s, Vilniaus r.<\/li>\n<li>Bygging av bygning for lagring, , Klev\u0173 g.47, Vaivadai, Panev\u0117\u017eio r.<\/li>\n<\/ul>\n<p>[\/vc_column_text]<\/div><div class=\"qode-advanced-tab-container\" id=\"tab-bygninger-for-kulturminne-535\" data-icon-pack=\"\" data-icon-html=\"\">[vc_column_text el_class=&raquo;box-shadow-text&raquo;]Bygninger for kulturminne:<\/p>\n<ul>\n<li>Vi utf\u00f8rer bygging, reparasjon og restruksjon p\u00e5 kulturminner.<\/li>\n<li>Vedlikehold av 1863 oppr\u00f8rsmuseet i Paber\u017e\u0117, K\u0117daini\u0173 r.<\/li>\n<li>Rekonstruksjon og vedlikehold av Mai\u0161iagala herreg\u00e5rdspalass, Algirdo g. 4, Mai\u0161iagala, Vilniaus r. sav.<\/li>\n<li>Vedlikehold av VU KF journalistikk-instituttet, Maironio g.7, Vilnius<\/li>\n<li>Vedlikehold og rekonstruksjon av Paliesius herreg\u00e5rdbygninger, Dvaro g.7, Paliesiaus k., Ignalinos r.<\/li>\n<li>Rekonstruksjon av Mik\u0117nai vindm\u00f8lle, Mik\u0117n\u0173 k., Panev\u0117\u017eio r.<\/li>\n<li>Vedlikehold av Panev\u0117\u017eys kunstgalleri, Respublikos g.3, Panev\u0117\u017eys<\/li>\n<li>Vedlikehold og rekonstruksjon av Panev\u0117\u017eys etnografimuseums bygninger, Vasario 16-osios g. 23, 25a, Panev\u0117\u017eys, Litauen.<\/li>\n<\/ul>\n<p>[\/vc_column_text]<\/div><div class=\"qode-advanced-tab-container\" id=\"tab-galleri-av-prosjekter-738\" data-icon-pack=\"\" data-icon-html=\"\">[vc_gallery type=&raquo;image_grid&raquo; images=&raquo;1597,1599,1601,1603,1605,1729,1755,1753,1751,1749,1747,1745,1743,1737,1735,1733,1731,1787,1789,1791,1793,1795,1797,1799,1801,1803&#8243; img_size=&raquo;400&#215;400&#8243; column_number=&raquo;4&#8243; grayscale=&raquo;no&raquo; images_space=&raquo;gallery_with_space&raquo;]<\/div><\/div>[\/vc_column][\/vc_row][vc_row css_animation=&raquo;&raquo; row_type=&raquo;row&raquo; use_row_as_full_screen_section=&raquo;no&raquo; type=&raquo;full_width&raquo; angled_section=&raquo;no&raquo; text_align=&raquo;left&raquo; background_image_as_pattern=&raquo;without_pattern&raquo;][vc_column][vc_empty_space height=&raquo;90px&raquo;][\/vc_column][\/vc_row]<\/p>\n","protected":false},"excerpt":{"rendered":"<p>[vc_row css_animation=&raquo;&raquo; row_type=&raquo;row&raquo; use_row_as_full_screen_section=&raquo;no&raquo; type=&raquo;full_width&raquo; angled_section=&raquo;no&raquo; text_align=&raquo;left&raquo; background_image_as_pattern=&raquo;without_pattern&raquo;][vc_column][\/vc_column][\/vc_row][vc_row css_animation=&raquo;&raquo; row_type=&raquo;row&raquo; use_row_as_full_screen_section=&raquo;no&raquo; type=&raquo;full_width&raquo; angled_section=&raquo;no&raquo; text_align=&raquo;left&raquo; background_image_as_pattern=&raquo;without_pattern&raquo;][vc_column][vc_empty_space height=&raquo;90px&raquo;][\/vc_column][\/vc_row]<\/p>\n","protected":false},"author":1,"featured_media":0,"parent":0,"menu_order":0,"comment_status":"closed","ping_status":"closed","template":"full_width.php","meta":{"footnotes":""},"_links":{"self":[{"href":"https:\/\/kriaute.lt\/no\/wp-json\/wp\/v2\/pages\/1862"}],"collection":[{"href":"https:\/\/kriaute.lt\/no\/wp-json\/wp\/v2\/pages"}],"about":[{"href":"https:\/\/kriaute.lt\/no\/wp-json\/wp\/v2\/types\/page"}],"author":[{"embeddable":true,"href":"https:\/\/kriaute.lt\/no\/wp-json\/wp\/v2\/users\/1"}],"replies":[{"embeddable":true,"href":"https:\/\/kriaute.lt\/no\/wp-json\/wp\/v2\/comments?post=1862"}],"version-history":[{"count":3,"href":"https:\/\/kriaute.lt\/no\/wp-json\/wp\/v2\/pages\/1862\/revisions"}],"predecessor-version":[{"id":1869,"href":"https:\/\/kriaute.lt\/no\/wp-json\/wp\/v2\/pages\/1862\/revisions\/1869"}],"wp:attachment":[{"href":"https:\/\/kriaute.lt\/no\/wp-json\/wp\/v2\/media?parent=1862"}],"curies":[{"name":"wp","href":"https:\/\/api.w.org\/{rel}","templated":true}]}}