{"id":1861,"date":"2019-10-13T09:40:58","date_gmt":"2019-10-13T09:40:58","guid":{"rendered":"https:\/\/kriaute.lt\/statybos-darbai\/"},"modified":"2021-08-07T20:15:11","modified_gmt":"2021-08-07T20:15:11","slug":"construction-work","status":"publish","type":"page","link":"https:\/\/kriaute.lt\/en\/construction-work\/","title":{"rendered":"Construction work"},"content":{"rendered":"<p>[vc_row css_animation=&#8221;&#8221; row_type=&#8221;row&#8221; use_row_as_full_screen_section=&#8221;no&#8221; type=&#8221;full_width&#8221; angled_section=&#8221;no&#8221; text_align=&#8221;left&#8221; background_image_as_pattern=&#8221;without_pattern&#8221;][vc_column]<div class=\"qode-advanced-tabs qode-advanced-tabs qode-advanced-horizontal-tab clearfix qode-advanced-tab-without-icon qode-advanced-tabs-column-5 clearfix\">\n\t<ul class=\"qode-advanced-tabs-nav\">\n\t\t\t\t\t<li>\n\t\t\t\t<h6>\n\t\t\t\t\t<a href=\"#tab-construction-work\">\n\t\t\t\t\t\t\n\t\t\t\t\t\t\t\t\t\t\t\t\t<span class=\"qode-advanced-tab-text-after-icon\">\n\t\t\t\t\t\t\t\tConstruction work\t\t\t\t\t\t\t<\/span>\n\t\t\t\t\t\t\t\t\t\t\t<\/a>\n\t\t\t\t<\/h6>\n\t\t\t<\/li>\n\t\t\t\t\t<li>\n\t\t\t\t<h6>\n\t\t\t\t\t<a href=\"#tab-public-buildings\">\n\t\t\t\t\t\t\n\t\t\t\t\t\t\t\t\t\t\t\t\t<span class=\"qode-advanced-tab-text-after-icon\">\n\t\t\t\t\t\t\t\tPublic buildings\t\t\t\t\t\t\t<\/span>\n\t\t\t\t\t\t\t\t\t\t\t<\/a>\n\t\t\t\t<\/h6>\n\t\t\t<\/li>\n\t\t\t\t\t<li>\n\t\t\t\t<h6>\n\t\t\t\t\t<a href=\"#tab-production-warehousing-buildings\">\n\t\t\t\t\t\t\n\t\t\t\t\t\t\t\t\t\t\t\t\t<span class=\"qode-advanced-tab-text-after-icon\">\n\t\t\t\t\t\t\t\tProduction \u2013 warehousing buildings\t\t\t\t\t\t\t<\/span>\n\t\t\t\t\t\t\t\t\t\t\t<\/a>\n\t\t\t\t<\/h6>\n\t\t\t<\/li>\n\t\t\t\t\t<li>\n\t\t\t\t<h6>\n\t\t\t\t\t<a href=\"#tab-cultural-heritage-buildings\">\n\t\t\t\t\t\t\n\t\t\t\t\t\t\t\t\t\t\t\t\t<span class=\"qode-advanced-tab-text-after-icon\">\n\t\t\t\t\t\t\t\tCultural heritage buildings\t\t\t\t\t\t\t<\/span>\n\t\t\t\t\t\t\t\t\t\t\t<\/a>\n\t\t\t\t<\/h6>\n\t\t\t<\/li>\n\t\t\t\t\t<li>\n\t\t\t\t<h6>\n\t\t\t\t\t<a href=\"#tab-gallery-of-projects\">\n\t\t\t\t\t\t\n\t\t\t\t\t\t\t\t\t\t\t\t\t<span class=\"qode-advanced-tab-text-after-icon\">\n\t\t\t\t\t\t\t\tGallery of projects\t\t\t\t\t\t\t<\/span>\n\t\t\t\t\t\t\t\t\t\t\t<\/a>\n\t\t\t\t<\/h6>\n\t\t\t<\/li>\n\t\t\t<\/ul>\n\t<div class=\"qode-advanced-tab-container\" id=\"tab-construction-work-504\" data-icon-pack=\"\" data-icon-html=\"\">[vc_column_text el_class=&#8221;box-shadow-text&#8221;]Kriaut\u0117 UAB is a general contractor offering the services of construction, repair, redevelopment and maintenance (renovation) works in construction projects of various types.<\/p>\n<p>The company has been an active player in the construction market for more than 30 years, and takes responsibility for the quality of its works. The company actively uses the most advanced construction technologies and the most recent materials. The company employs highly qualified staff and engineering personnel with many years of professional work experience. We perform approximately 80 per cent of construction work ourselves.<\/p>\n<p>We design and build residential, industrial, commercial and office buildings, and business centres. We perform a major part of the work with our own resources, therefore our clients don\u2019t have to worry that the subcontractors or partners involved might be inadequate, or that the quality of the work might be affected.<\/p>\n<p>Kriaut\u0117 UAB is certified to perform heritage preservation, and maintenance construction works on heritage objects and sites.<\/p>\n<p>The range of our construction works includes:<\/p>\n<ul>\n<li><span style=\"font-weight: 400;\">Construction of buildings<\/span><\/li>\n<li><span style=\"font-weight: 400;\">Site preparation for construction work, cleaning up of the site<\/span><\/li>\n<li><span style=\"font-weight: 400;\">Exterior and interior finish works<\/span><\/li>\n<li><span style=\"font-weight: 400;\">Construction and installation of engineering networks:<\/span>\n<ul>\n<li><span style=\"font-weight: 400;\">Heating system installation<\/span><\/li>\n<li><span style=\"font-weight: 400;\">Ventilation system installation<\/span><\/li>\n<li><span style=\"font-weight: 400;\">Water supply and wastewater system installation<\/span><\/li>\n<li><span style=\"font-weight: 400;\">Telecommunication and alarm system installation <\/span><\/li>\n<li><span style=\"font-weight: 400;\">Electrical wiring installation<\/span><\/li>\n<li><span style=\"font-weight: 400;\">Construction of transport communications <\/span><\/li>\n<li><span style=\"font-weight: 400;\">Construction of hydrotechnical structures<\/span><\/li>\n<\/ul>\n<\/li>\n<\/ul>\n<p>We have many years of experience in constructing buildings of various sizes and for various uses. Our team of highly qualified employees achieves the best quality result in the construction of buildings of varying degrees of complexity.<\/p>\n<p>Our construction company is based in the city of Panev\u0117\u017eys, but we can also perform construction works in other regions. We work with both corporate and private clients. [\/vc_column_text]<\/div><div class=\"qode-advanced-tab-container\" id=\"tab-public-buildings-245\" data-icon-pack=\"\" data-icon-html=\"\">[vc_column_text el_class=&#8221;box-shadow-text&#8221;]<\/p>\n<ul>\n<li>Construction of IKI supermarket, L\u0117vens St. 10, Vaivadai, Panev\u0117\u017eys Distr.<\/li>\n<li>Reconstruction of Radvili\u0161kis hospital, Gedimino St. 9, Radvili\u0161kis<\/li>\n<li>Reconstruction of M. Karkos lower secondary school, Dariaus ir Gir\u0117no St. 26, Panev\u0117\u017eys<\/li>\n<li>Reconstruction of Rukaini\u0173 Gymnasium, Vaik\u0173 St. 5, Rukainiai, Vilnius Distr.<\/li>\n<li>Construction of a business centre, Vilniaus St. 7, Panev\u0117\u017eys<\/li>\n<li>Modernisation of Vilnius University hostel, Saul\u0117tekio Ave. 4, Vilnius<\/li>\n<li>Construction of International Ceramics Symposia pavilion, Respublikos St. 3, Panev\u0117\u017eys<\/li>\n<li>Construction of SAKRET dry construction mixtures factory, Biochemik\u0173 St. 2, K\u0117dainiai<\/li>\n<\/ul>\n<p>[\/vc_column_text]<\/div><div class=\"qode-advanced-tab-container\" id=\"tab-production-warehousing-buildings-329\" data-icon-pack=\"\" data-icon-html=\"\">[vc_column_text el_class=&#8221;box-shadow-text&#8221;]<\/p>\n<ul>\n<li>Construction of KADEX automotive centre, \u0160ilagalio St.1, Pa\u017eagieniai, Panev\u0117\u017eys Distr.<\/li>\n<li>Voestalpine VAE Legetecha UAB, Draugyst\u0117s St. 8, Val\u010di\u016bn\u0173 village, Vilnius Distr.<\/li>\n<li>Construction of a logistics building, Terminalo St. 5, Kuprioni\u0161k\u0117s, Vilnius Distr.<\/li>\n<li>Construction of a warehouse building, Klev\u0173 St. 47, Vaivadai, Panev\u0117\u017eys Distr.<\/li>\n<\/ul>\n<p>[\/vc_column_text]<\/div><div class=\"qode-advanced-tab-container\" id=\"tab-cultural-heritage-buildings-200\" data-icon-pack=\"\" data-icon-html=\"\">[vc_column_text el_class=&#8221;box-shadow-text&#8221;]We perform construction, repair and renovation works of cultural heritage objects.<\/p>\n<ul>\n<li>Maintenance of the 1863 Uprising Museum in Paber\u017e\u0117, K\u0117dainiai Distr.<\/li>\n<li>Renovation and maintenance of the palace of Mai\u0161iagala manor estate, <em>Algirdo St. 4, Mai\u0161iagala, Vilnius Distr. Municipality<\/em><\/li>\n<li>Maintenance of the Journalism Institute building of the Faculty of Communication at Vilnius University, Maironio St. 7, Vilnius<\/li>\n<li>Maintenance and renovation of the buildings of Paliesiaus manor estate, Dvaro St. 7, Paliesiaus village, Ignalina Distr.<\/li>\n<li>Restoration of the Mik\u0117nai windmill, Mik\u0117n\u0173 village, Panev\u0117\u017eys Distr.<\/li>\n<li>Maintenance of the Art Gallery of Panev\u0117\u017eys City, Respublikos St. 3, Panev\u0117\u017eys<\/li>\n<li>Maintenance and renovation of the buildings of Panev\u0117\u017eys Local Lore Museum, Vasario 16-osios St. 23, 25a, Panev\u0117\u017eys.<\/li>\n<\/ul>\n<p>[\/vc_column_text]<\/div><div class=\"qode-advanced-tab-container\" id=\"tab-gallery-of-projects-560\" data-icon-pack=\"\" data-icon-html=\"\">[vc_gallery type=&#8221;image_grid&#8221; images=&#8221;1596,1598,1600,1602,1604,1728,1754,1752,1750,1748,1746,1744,1742,1736,1734,1732,1730,1786,1788,1790,1792,1794,1796,1798,1800,1802&#8243; img_size=&#8221;400&#215;400&#8243; column_number=&#8221;4&#8243; grayscale=&#8221;no&#8221; images_space=&#8221;gallery_with_space&#8221;]<\/div><\/div>[\/vc_column][\/vc_row][vc_row css_animation=&#8221;&#8221; row_type=&#8221;row&#8221; use_row_as_full_screen_section=&#8221;no&#8221; type=&#8221;full_width&#8221; angled_section=&#8221;no&#8221; text_align=&#8221;left&#8221; background_image_as_pattern=&#8221;without_pattern&#8221;][vc_column][vc_empty_space height=&#8221;90px&#8221;][\/vc_column][\/vc_row]<\/p>\n","protected":false},"excerpt":{"rendered":"<p>[vc_row css_animation=&#8221;&#8221; row_type=&#8221;row&#8221; use_row_as_full_screen_section=&#8221;no&#8221; type=&#8221;full_width&#8221; angled_section=&#8221;no&#8221; text_align=&#8221;left&#8221; background_image_as_pattern=&#8221;without_pattern&#8221;][vc_column][\/vc_column][\/vc_row][vc_row css_animation=&#8221;&#8221; row_type=&#8221;row&#8221; use_row_as_full_screen_section=&#8221;no&#8221; type=&#8221;full_width&#8221; angled_section=&#8221;no&#8221; text_align=&#8221;left&#8221; background_image_as_pattern=&#8221;without_pattern&#8221;][vc_column][vc_empty_space height=&#8221;90px&#8221;][\/vc_column][\/vc_row]<\/p>\n","protected":false},"author":1,"featured_media":0,"parent":0,"menu_order":0,"comment_status":"closed","ping_status":"closed","template":"full_width.php","meta":{"footnotes":""},"_links":{"self":[{"href":"https:\/\/kriaute.lt\/en\/wp-json\/wp\/v2\/pages\/1861"}],"collection":[{"href":"https:\/\/kriaute.lt\/en\/wp-json\/wp\/v2\/pages"}],"about":[{"href":"https:\/\/kriaute.lt\/en\/wp-json\/wp\/v2\/types\/page"}],"author":[{"embeddable":true,"href":"https:\/\/kriaute.lt\/en\/wp-json\/wp\/v2\/users\/1"}],"replies":[{"embeddable":true,"href":"https:\/\/kriaute.lt\/en\/wp-json\/wp\/v2\/comments?post=1861"}],"version-history":[{"count":4,"href":"https:\/\/kriaute.lt\/en\/wp-json\/wp\/v2\/pages\/1861\/revisions"}],"predecessor-version":[{"id":1867,"href":"https:\/\/kriaute.lt\/en\/wp-json\/wp\/v2\/pages\/1861\/revisions\/1867"}],"wp:attachment":[{"href":"https:\/\/kriaute.lt\/en\/wp-json\/wp\/v2\/media?parent=1861"}],"curies":[{"name":"wp","href":"https:\/\/api.w.org\/{rel}","templated":true}]}}